{"id":870,"date":"2021-04-15T18:04:50","date_gmt":"2021-04-15T16:04:50","guid":{"rendered":"http:\/\/xywsuuq.cluster026.hosting.ovh.net\/?page_id=870"},"modified":"2021-04-26T18:12:41","modified_gmt":"2021-04-26T16:12:41","slug":"intervention-psychosociale-en-organisation","status":"publish","type":"page","link":"https:\/\/www.senselia.be\/index.php\/intervention-psychosociale-en-organisation\/","title":{"rendered":"Intervention psychosociale en organisation"},"content":{"rendered":"<p>[vc_row][vc_column][\/vc_column][\/vc_row][vc_row css=&#8221;.vc_custom_1618501710621{margin-top: 100px !important;margin-bottom: 50px !important;}&#8221;][vc_column width=&#8221;1\/2&#8243; css=&#8221;.vc_custom_1618501277208{padding-top: 0px !important;}&#8221;][vc_custom_heading text=&#8221;Intervention psychosociale<br \/>\nen organisation&#8221; use_theme_fonts=&#8221;yes&#8221;][vc_column_text]Sous ce vocable s\u2019affiche une large gamme d\u2019interventions dans des organisations\u00a0: animation de r\u00e9unions de r\u00e9flexions, formation d\u2019un service, apports dans un comit\u00e9 de direction, animation de mises au vert, diagnostic de risques psychosociaux, plan d\u2019action qui suit ce diagnostic, r\u00e9solution de conflit, etc.<\/p>\n<p>L\u2019approche syst\u00e9mique op\u00e8re des merveilles en organisations, la d\u00e9licatesse et l\u2019humour apport\u00e9s par une fine connaissance psychologique permettent de d\u00e9lier des n\u0153uds, de mettre des mots et de sortir d\u2019impasses de toutes natures. Des apports conceptuels dans des modules de formations \u00e9clairent d\u2019un jour nouveau une probl\u00e9matique existante.<\/p>\n<p>Senselia intervient autant dans des grandes organisations que dans des organisations plus petites. Nous intervenons en solo ou en groupe d\u2019intervenants, toujours en mode \u00ab\u00a0tailor made\u00a0\u00bb.[\/vc_column_text][\/vc_column][vc_column width=&#8221;1\/2&#8243;][vc_single_image image=&#8221;800&#8243; img_size=&#8221;full&#8221; alignment=&#8221;right&#8221;][\/vc_column][\/vc_row][vc_row css=&#8221;.vc_custom_1618501723181{margin-bottom: 50px !important;}&#8221;][vc_column width=&#8221;1\/2&#8243; css=&#8221;.vc_custom_1618503120934{margin-top: 25px !important;}&#8221;][vc_single_image image=&#8221;812&#8243; img_size=&#8221;500&#215;300&#8243;][\/vc_column][vc_column width=&#8221;1\/2&#8243; css=&#8221;.vc_custom_1618501277208{padding-top: 0px !important;}&#8221;][vc_column_text][\/vc_column_text][vc_separator color=&#8221;custom&#8221; accent_color=&#8221;#00cfb8&#8243;][vc_column_text]<span style=\"color: #02c4af;\"><strong><em>Quelques exemples r\u00e9cents\u00a0:<\/em><\/strong><\/span><\/p>\n<p><span style=\"color: #02c4af;\"><em>Analyse des risques psychosociaux dans une Commune, audition de tous les membres du personnel et recommandations op\u00e9rationnelles pour le management et le plan de formation.<\/em><\/span><\/p>\n<p><span style=\"color: #02c4af;\"><em>Accompagnement du comit\u00e9 de direction d\u2019une structure d\u2019insertion socioprofessionnelle dans diverses missions et coaching individualis\u00e9 des cadres.<\/em><\/span><\/p>\n<p><span style=\"color: #02c4af;\"><em>Dynamisation d\u2019un Conseil d\u2019administration d\u2019une asbl et relance d\u2019une dynamique positive avec l\u2019\u00e9quipe des permanents.<\/em><\/span>[\/vc_column_text][vc_separator color=&#8221;custom&#8221; accent_color=&#8221;#00cfb8&#8243;][\/vc_column][\/vc_row][vc_row full_width=&#8221;stretch_row&#8221; css=&#8221;.vc_custom_1619013922111{margin-top: 0px !important;padding-top: 100px !important;padding-bottom: 50px !important;background-image: url(http:\/\/xywsuuq.cluster026.hosting.ovh.net\/wp-content\/uploads\/2021\/04\/fondservices-scaled.jpg?id=786) !important;background-position: center !important;background-repeat: no-repeat !important;background-size: cover !important;}&#8221;][vc_column][vc_custom_heading text=&#8221;Nos services<br \/>\nvitamin\u00e9s&#8221; use_theme_fonts=&#8221;yes&#8221;][vc_column_text]Pour d\u00e9couvrir les diff\u00e9rentes facettes des services de Senselia, c\u2019est par ici\u2026 Chaque service est explicit\u00e9 avec quelques exemples, et il arrive r\u00e9guli\u00e8rement que nos missions associent plusieurs facettes.[\/vc_column_text][vc_row_inner][vc_column_inner width=&#8221;1\/3&#8243;][vc_hoverbox image=&#8221;836&#8243; primary_title=&#8221;&#8221; hover_title=&#8221;&#8221; shape=&#8221;square&#8221; hover_background_color=&#8221;white&#8221; hover_btn_title=&#8221;M\u00e9diation agr\u00e9\u00e9e&#8221; hover_btn_shape=&#8221;square&#8221; hover_btn_size=&#8221;lg&#8221; hover_btn_align=&#8221;center&#8221; hover_add_button=&#8221;true&#8221; hover_btn_link=&#8221;url:https%3A%2F%2Fwww.senselia.be%2Findex.php%2Fmediation-agreee-cbfm-toutes-matieres%2F|title:M%C3%A9diation%20agr%C3%A9%C3%A9e%20CBFM%20toute%20mati%C3%A8res&#8221;]La m\u00e9diation est une des m\u00e9thodes alternatives de r\u00e9solution des conflits les plus apaisantes, innovantes, cr\u00e9atives, pragmatiques et \u00e9conomiques qui existe.<\/p>\n<p>[\/vc_hoverbox][\/vc_column_inner][vc_column_inner width=&#8221;1\/3&#8243;][vc_hoverbox image=&#8221;839&#8243; primary_title=&#8221;&#8221; hover_title=&#8221;&#8221; shape=&#8221;square&#8221; hover_background_color=&#8221;white&#8221; hover_btn_title=&#8221;Intervention psychosociale en organisation&#8221; hover_btn_shape=&#8221;square&#8221; hover_btn_size=&#8221;lg&#8221; hover_btn_align=&#8221;center&#8221; hover_add_button=&#8221;true&#8221; hover_btn_link=&#8221;url:https%3A%2F%2Fwww.senselia.be%2Findex.php%2Fintervention-psychosociale-en-organisation%2F|title:Intervention%20psychosociale%20en%20organisation&#8221;]animation de r\u00e9unions de r\u00e9flexions, formation d\u2019un service, animation de mises au vert, diagnostic de risques psychosociaux, plan d\u2019action qui suit ce diagnostic, r\u00e9solution de conflit, etc.<\/p>\n<p>[\/vc_hoverbox][\/vc_column_inner][vc_column_inner width=&#8221;1\/3&#8243;][vc_hoverbox image=&#8221;843&#8243; primary_title=&#8221;&#8221; hover_title=&#8221;&#8221; shape=&#8221;square&#8221; hover_background_color=&#8221;white&#8221; hover_btn_title=&#8221;Prospective et plan strat\u00e9gique d&#8217;organisation&#8221; hover_btn_shape=&#8221;square&#8221; hover_btn_size=&#8221;lg&#8221; hover_btn_align=&#8221;center&#8221; hover_add_button=&#8221;true&#8221; hover_btn_link=&#8221;url:https%3A%2F%2Fwww.senselia.be%2Findex.php%2Fprospective-et-plan-strategique-dorganisation%2F|title:Prospective%20et%20plan%20strat%C3%A9gique%20d%E2%80%99organisation&#8221;]L\u2019art de la prospective est un processus m\u00e9thodologique participatif qui permet pour une th\u00e9matique ou une organisation, de se projeter dans le futur, pour mieux se cr\u00e9er un \u00ab futur d\u00e9sirable \u00bb.<\/p>\n<p>[\/vc_hoverbox][\/vc_column_inner][\/vc_row_inner][vc_row_inner css=&#8221;.vc_custom_1618500467288{margin-top: 35px !important;}&#8221;][vc_column_inner width=&#8221;1\/3&#8243;][vc_hoverbox image=&#8221;837&#8243; primary_title=&#8221;&#8221; hover_title=&#8221;&#8221; shape=&#8221;square&#8221; hover_background_color=&#8221;white&#8221; hover_btn_title=&#8221;Mise en place de processus de n\u00e9gociation.&#8221; hover_btn_shape=&#8221;square&#8221; hover_btn_size=&#8221;lg&#8221; hover_btn_align=&#8221;center&#8221; hover_add_button=&#8221;true&#8221; hover_btn_link=&#8221;url:https%3A%2F%2Fwww.senselia.be%2Findex.php%2Fmise-en-place-de-processus-de-negociation%2F|title:Mise%20en%20place%20de%20processus%20de%20n%C3%A9gociation&#8221;]La n\u00e9gociation est un art sous utilis\u00e9 car il concerne des ressources pr\u00e9cieuses comme le temps, l\u2019argent, les \u00e9quipes.<\/p>\n<p>[\/vc_hoverbox][\/vc_column_inner][vc_column_inner width=&#8221;1\/3&#8243;][vc_hoverbox image=&#8221;840&#8243; primary_title=&#8221;&#8221; hover_title=&#8221;&#8221; shape=&#8221;square&#8221; hover_background_color=&#8221;white&#8221; hover_btn_title=&#8221;Administrateur ind\u00e9pendant&#8221; hover_btn_shape=&#8221;square&#8221; hover_btn_size=&#8221;lg&#8221; hover_btn_align=&#8221;center&#8221; hover_add_button=&#8221;true&#8221; hover_btn_link=&#8221;url:https%3A%2F%2Fwww.senselia.be%2Findex.php%2Fadministrateur-independant%2F|title:Administrateur%20ind%C3%A9pendant&#8221;]Un administrateur ind\u00e9pendant est un administrateur nomm\u00e9 dans un Conseil d\u2019administration et qui apporte son expertise, son exp\u00e9rience au service d\u2019une organisation.<\/p>\n<p>[\/vc_hoverbox][\/vc_column_inner][vc_column_inner width=&#8221;1\/3&#8243;][vc_hoverbox image=&#8221;841&#8243; primary_title=&#8221;&#8221; hover_title=&#8221;&#8221; shape=&#8221;square&#8221; hover_background_color=&#8221;white&#8221; hover_btn_title=&#8221;Coaching de cadre&#8221; hover_btn_shape=&#8221;square&#8221; hover_btn_size=&#8221;lg&#8221; hover_btn_align=&#8221;center&#8221; hover_add_button=&#8221;true&#8221; hover_btn_link=&#8221;url:https%3A%2F%2Fwww.senselia.be%2Findex.php%2Fcoaching-de-cadre%2F|title:Coaching%20de%20cadre&#8221;]<span lang=\"FR\">Senselia intervient \u00ab sur mesure \u00bb pour accompagner des cadres dans des organisations.<\/span>[\/vc_hoverbox][\/vc_column_inner][\/vc_row_inner][vc_row_inner css=&#8221;.vc_custom_1618500532725{margin-top: 30px !important;}&#8221;][vc_column_inner width=&#8221;1\/3&#8243;][\/vc_column_inner][vc_column_inner width=&#8221;1\/3&#8243;][vc_hoverbox image=&#8221;842&#8243; primary_title=&#8221;&#8221; hover_title=&#8221;&#8221; shape=&#8221;square&#8221; hover_background_color=&#8221;white&#8221; hover_btn_title=&#8221;Consultance&#8221; hover_btn_shape=&#8221;square&#8221; hover_btn_size=&#8221;lg&#8221; hover_btn_align=&#8221;center&#8221; hover_add_button=&#8221;true&#8221; hover_btn_link=&#8221;url:https%3A%2F%2Fwww.senselia.be%2Findex.php%2Fconsultance%2F|title:Consultance&#8221;]La consultance, c\u2019est avoir recours \u00e0 un tiers du point de vue m\u00e9thodologique et expertal pour \u00e9clairer un probl\u00e8me et co-cr\u00e9er avec vous une batterie de solutions, tr\u00e8s souvent avec un regard nouveau, d\u00e9cal\u00e9.<\/p>\n<p>[\/vc_hoverbox][\/vc_column_inner][vc_column_inner width=&#8221;1\/3&#8243;][\/vc_column_inner][\/vc_row_inner][\/vc_column][\/vc_row]<\/p>\n","protected":false},"excerpt":{"rendered":"<p>[vc_row][vc_column][\/vc_column][\/vc_row][vc_row css=&#8221;.vc_custom_1618501710621{margin-top: 100px !important;margin-bottom: 50px !important;}&#8221;][vc_column width=&#8221;1\/2&#8243; css=&#8221;.vc_custom_1618501277208{padding-top: 0px !important;}&#8221;][vc_custom_heading text=&#8221;Intervention psychosociale en organisation&#8221; use_theme_fonts=&#8221;yes&#8221;][vc_column_text]Sous ce vocable s\u2019affiche une large gamme d\u2019interventions dans des organisations\u00a0: animation de r\u00e9unions de r\u00e9flexions, formation d\u2019un service, apports dans un comit\u00e9 de direction, animation de mises au vert, diagnostic de risques psychosociaux, plan d\u2019action qui suit ce diagnostic, r\u00e9solution [&hellip;]<\/p>\n","protected":false},"author":1,"featured_media":0,"parent":0,"menu_order":0,"comment_status":"closed","ping_status":"closed","template":"one-page-template.php","meta":[],"_links":{"self":[{"href":"https:\/\/www.senselia.be\/index.php\/wp-json\/wp\/v2\/pages\/870"}],"collection":[{"href":"https:\/\/www.senselia.be\/index.php\/wp-json\/wp\/v2\/pages"}],"about":[{"href":"https:\/\/www.senselia.be\/index.php\/wp-json\/wp\/v2\/types\/page"}],"author":[{"embeddable":true,"href":"https:\/\/www.senselia.be\/index.php\/wp-json\/wp\/v2\/users\/1"}],"replies":[{"embeddable":true,"href":"https:\/\/www.senselia.be\/index.php\/wp-json\/wp\/v2\/comments?post=870"}],"version-history":[{"count":2,"href":"https:\/\/www.senselia.be\/index.php\/wp-json\/wp\/v2\/pages\/870\/revisions"}],"predecessor-version":[{"id":1035,"href":"https:\/\/www.senselia.be\/index.php\/wp-json\/wp\/v2\/pages\/870\/revisions\/1035"}],"wp:attachment":[{"href":"https:\/\/www.senselia.be\/index.php\/wp-json\/wp\/v2\/media?parent=870"}],"curies":[{"name":"wp","href":"https:\/\/api.w.org\/{rel}","templated":true}]}}