{"id":875,"date":"2021-04-15T18:18:21","date_gmt":"2021-04-15T16:18:21","guid":{"rendered":"http:\/\/xywsuuq.cluster026.hosting.ovh.net\/?page_id=875"},"modified":"2021-04-26T18:13:17","modified_gmt":"2021-04-26T16:13:17","slug":"mise-en-place-de-processus-de-negociation","status":"publish","type":"page","link":"https:\/\/www.senselia.be\/index.php\/mise-en-place-de-processus-de-negociation\/","title":{"rendered":"Mise en place de processus de n\u00e9gociation"},"content":{"rendered":"<p>[vc_row][vc_column][\/vc_column][\/vc_row][vc_row css=&#8221;.vc_custom_1618501710621{margin-top: 100px !important;margin-bottom: 50px !important;}&#8221;][vc_column width=&#8221;1\/2&#8243; css=&#8221;.vc_custom_1618501277208{padding-top: 0px !important;}&#8221;][vc_custom_heading text=&#8221;Mise en place de processus<br \/>\nde n\u00e9gociation&#8221; use_theme_fonts=&#8221;yes&#8221;][vc_column_text]La n\u00e9gociation est un art sous utilis\u00e9 car il concerne des ressources pr\u00e9cieuses comme le temps, l\u2019argent, les \u00e9quipes. Toute n\u00e9gociation un peu complexe n\u00e9cessite une pr\u00e9paration et un processus. Ce processus, lorsqu\u2019il est bien impl\u00e9ment\u00e9, donne souvent de meilleurs fruits \u00e0 la n\u00e9gociation et la balance co\u00fbts\/b\u00e9n\u00e9fices est largement positive.<\/p>\n<p>Senselia a apport\u00e9 son expertise \u00e0 des multiples n\u00e9gociations, dans des march\u00e9s publics tr\u00e8s complexes, dans des transactions financi\u00e8res, dans la cr\u00e9ation de partenariats.<\/p>\n<p>La n\u00e9gociation n\u00e9cessite de la cr\u00e9ativit\u00e9, un temp\u00e9rament, une culture de l\u2019\u00e9quilibre et du dialogue.<\/p>\n<p>Senselia forme \u00e9galement des personnes \u00e0 l\u2019art de la n\u00e9gociation.<\/p>\n<p>Chaque demande d\u2019une organisation se voit apporter une r\u00e9ponse singuli\u00e8re, pour coller au mieux au cadre et aux contraintes, parfois m\u00eame dans l\u2019urgence ou avec de faibles budgets.[\/vc_column_text][\/vc_column][vc_column width=&#8221;1\/2&#8243;][vc_single_image image=&#8221;796&#8243; img_size=&#8221;full&#8221; alignment=&#8221;right&#8221;][\/vc_column][\/vc_row][vc_row css=&#8221;.vc_custom_1618501723181{margin-bottom: 50px !important;}&#8221;][vc_column width=&#8221;1\/2&#8243;][vc_single_image image=&#8221;810&#8243; img_size=&#8221;500&#215;300&#8243;][\/vc_column][vc_column width=&#8221;1\/2&#8243; css=&#8221;.vc_custom_1618501277208{padding-top: 0px !important;}&#8221;][vc_separator color=&#8221;custom&#8221; accent_color=&#8221;#00c1bb&#8221;][vc_column_text]<span style=\"color: #00c1bb;\"><strong><em>Quelques exemples r\u00e9cents\u00a0:<\/em><\/strong><\/span><\/p>\n<p><span style=\"color: #00c1bb;\"><em>Senselia a accompagn\u00e9 une f\u00e9d\u00e9ration professionnelle pour mettre en place un vaste processus de n\u00e9gociation des assurances au travers d\u2019un march\u00e9 public par centrale de march\u00e9s, avec des r\u00e9ductions de -30 \u00e0 -60 % sur les tarifs et en moyenne + 20 % de qualit\u00e9 de service.<\/em><\/span><\/p>\n<p><span style=\"color: #00c1bb;\"><em>N\u00e9gociation de cr\u00e9dits bancaires, de contrats de service de conseils, pour plusieurs administrations publiques et soci\u00e9t\u00e9s commerciales.<\/em><\/span><\/p>\n<p><span style=\"color: #00c1bb;\"><em>De multiples n\u00e9gociations dans le cadre de r\u00e9formes de politiques\/projets publiques ou au sein de Conseils d\u2019administration.<\/em><\/span>[\/vc_column_text][vc_separator color=&#8221;custom&#8221; accent_color=&#8221;#00c1bb&#8221;][\/vc_column][\/vc_row][vc_row full_width=&#8221;stretch_row&#8221; css=&#8221;.vc_custom_1619013922111{margin-top: 0px !important;padding-top: 100px !important;padding-bottom: 50px !important;background-image: url(http:\/\/xywsuuq.cluster026.hosting.ovh.net\/wp-content\/uploads\/2021\/04\/fondservices-scaled.jpg?id=786) !important;background-position: center !important;background-repeat: no-repeat !important;background-size: cover !important;}&#8221;][vc_column][vc_custom_heading text=&#8221;Nos services<br \/>\nvitamin\u00e9s&#8221; use_theme_fonts=&#8221;yes&#8221;][vc_column_text]Pour d\u00e9couvrir les diff\u00e9rentes facettes des services de Senselia, c\u2019est par ici\u2026 Chaque service est explicit\u00e9 avec quelques exemples, et il arrive r\u00e9guli\u00e8rement que nos missions associent plusieurs facettes.[\/vc_column_text][vc_row_inner][vc_column_inner width=&#8221;1\/3&#8243;][vc_hoverbox image=&#8221;836&#8243; primary_title=&#8221;&#8221; hover_title=&#8221;&#8221; shape=&#8221;square&#8221; hover_background_color=&#8221;white&#8221; hover_btn_title=&#8221;M\u00e9diation agr\u00e9\u00e9e&#8221; hover_btn_shape=&#8221;square&#8221; hover_btn_size=&#8221;lg&#8221; hover_btn_align=&#8221;center&#8221; hover_add_button=&#8221;true&#8221; hover_btn_link=&#8221;url:https%3A%2F%2Fwww.senselia.be%2Findex.php%2Fmediation-agreee-cbfm-toutes-matieres%2F|title:M%C3%A9diation%20agr%C3%A9%C3%A9e%20CBFM%20toute%20mati%C3%A8res&#8221;]La m\u00e9diation est une des m\u00e9thodes alternatives de r\u00e9solution des conflits les plus apaisantes, innovantes, cr\u00e9atives, pragmatiques et \u00e9conomiques qui existe.<\/p>\n<p>[\/vc_hoverbox][\/vc_column_inner][vc_column_inner width=&#8221;1\/3&#8243;][vc_hoverbox image=&#8221;839&#8243; primary_title=&#8221;&#8221; hover_title=&#8221;&#8221; shape=&#8221;square&#8221; hover_background_color=&#8221;white&#8221; hover_btn_title=&#8221;Intervention psychosociale en organisation&#8221; hover_btn_shape=&#8221;square&#8221; hover_btn_size=&#8221;lg&#8221; hover_btn_align=&#8221;center&#8221; hover_add_button=&#8221;true&#8221; hover_btn_link=&#8221;url:https%3A%2F%2Fwww.senselia.be%2Findex.php%2Fintervention-psychosociale-en-organisation%2F|title:Intervention%20psychosociale%20en%20organisation&#8221;]animation de r\u00e9unions de r\u00e9flexions, formation d\u2019un service, animation de mises au vert, diagnostic de risques psychosociaux, plan d\u2019action qui suit ce diagnostic, r\u00e9solution de conflit, etc.<\/p>\n<p>[\/vc_hoverbox][\/vc_column_inner][vc_column_inner width=&#8221;1\/3&#8243;][vc_hoverbox image=&#8221;843&#8243; primary_title=&#8221;&#8221; hover_title=&#8221;&#8221; shape=&#8221;square&#8221; hover_background_color=&#8221;white&#8221; hover_btn_title=&#8221;Prospective et plan strat\u00e9gique d&#8217;organisation&#8221; hover_btn_shape=&#8221;square&#8221; hover_btn_size=&#8221;lg&#8221; hover_btn_align=&#8221;center&#8221; hover_add_button=&#8221;true&#8221; hover_btn_link=&#8221;url:https%3A%2F%2Fwww.senselia.be%2Findex.php%2Fprospective-et-plan-strategique-dorganisation%2F|title:Prospective%20et%20plan%20strat%C3%A9gique%20d%E2%80%99organisation&#8221;]L\u2019art de la prospective est un processus m\u00e9thodologique participatif qui permet pour une th\u00e9matique ou une organisation, de se projeter dans le futur, pour mieux se cr\u00e9er un \u00ab futur d\u00e9sirable \u00bb.<\/p>\n<p>[\/vc_hoverbox][\/vc_column_inner][\/vc_row_inner][vc_row_inner css=&#8221;.vc_custom_1618500467288{margin-top: 35px !important;}&#8221;][vc_column_inner width=&#8221;1\/3&#8243;][vc_hoverbox image=&#8221;837&#8243; primary_title=&#8221;&#8221; hover_title=&#8221;&#8221; shape=&#8221;square&#8221; hover_background_color=&#8221;white&#8221; hover_btn_title=&#8221;Mise en place de processus de n\u00e9gociation.&#8221; hover_btn_shape=&#8221;square&#8221; hover_btn_size=&#8221;lg&#8221; hover_btn_align=&#8221;center&#8221; hover_add_button=&#8221;true&#8221; hover_btn_link=&#8221;url:https%3A%2F%2Fwww.senselia.be%2Findex.php%2Fmise-en-place-de-processus-de-negociation%2F|title:Mise%20en%20place%20de%20processus%20de%20n%C3%A9gociation&#8221;]La n\u00e9gociation est un art sous utilis\u00e9 car il concerne des ressources pr\u00e9cieuses comme le temps, l\u2019argent, les \u00e9quipes.<\/p>\n<p>[\/vc_hoverbox][\/vc_column_inner][vc_column_inner width=&#8221;1\/3&#8243;][vc_hoverbox image=&#8221;840&#8243; primary_title=&#8221;&#8221; hover_title=&#8221;&#8221; shape=&#8221;square&#8221; hover_background_color=&#8221;white&#8221; hover_btn_title=&#8221;Administrateur ind\u00e9pendant&#8221; hover_btn_shape=&#8221;square&#8221; hover_btn_size=&#8221;lg&#8221; hover_btn_align=&#8221;center&#8221; hover_add_button=&#8221;true&#8221; hover_btn_link=&#8221;url:https%3A%2F%2Fwww.senselia.be%2Findex.php%2Fadministrateur-independant%2F|title:Administrateur%20ind%C3%A9pendant&#8221;]Un administrateur ind\u00e9pendant est un administrateur nomm\u00e9 dans un Conseil d\u2019administration et qui apporte son expertise, son exp\u00e9rience au service d\u2019une organisation.<\/p>\n<p>[\/vc_hoverbox][\/vc_column_inner][vc_column_inner width=&#8221;1\/3&#8243;][vc_hoverbox image=&#8221;841&#8243; primary_title=&#8221;&#8221; hover_title=&#8221;&#8221; shape=&#8221;square&#8221; hover_background_color=&#8221;white&#8221; hover_btn_title=&#8221;Coaching de cadre&#8221; hover_btn_shape=&#8221;square&#8221; hover_btn_size=&#8221;lg&#8221; hover_btn_align=&#8221;center&#8221; hover_add_button=&#8221;true&#8221; hover_btn_link=&#8221;url:https%3A%2F%2Fwww.senselia.be%2Findex.php%2Fcoaching-de-cadre%2F|title:Coaching%20de%20cadre&#8221;]<span lang=\"FR\">Senselia intervient \u00ab sur mesure \u00bb pour accompagner des cadres dans des organisations.<\/span>[\/vc_hoverbox][\/vc_column_inner][\/vc_row_inner][vc_row_inner css=&#8221;.vc_custom_1618500532725{margin-top: 30px !important;}&#8221;][vc_column_inner width=&#8221;1\/3&#8243;][\/vc_column_inner][vc_column_inner width=&#8221;1\/3&#8243;][vc_hoverbox image=&#8221;842&#8243; primary_title=&#8221;&#8221; hover_title=&#8221;&#8221; shape=&#8221;square&#8221; hover_background_color=&#8221;white&#8221; hover_btn_title=&#8221;Consultance&#8221; hover_btn_shape=&#8221;square&#8221; hover_btn_size=&#8221;lg&#8221; hover_btn_align=&#8221;center&#8221; hover_add_button=&#8221;true&#8221; hover_btn_link=&#8221;url:https%3A%2F%2Fwww.senselia.be%2Findex.php%2Fconsultance%2F|title:Consultance&#8221;]La consultance, c\u2019est avoir recours \u00e0 un tiers du point de vue m\u00e9thodologique et expertal pour \u00e9clairer un probl\u00e8me et co-cr\u00e9er avec vous une batterie de solutions, tr\u00e8s souvent avec un regard nouveau, d\u00e9cal\u00e9.<\/p>\n<p>[\/vc_hoverbox][\/vc_column_inner][vc_column_inner width=&#8221;1\/3&#8243;][\/vc_column_inner][\/vc_row_inner][\/vc_column][\/vc_row]<\/p>\n","protected":false},"excerpt":{"rendered":"<p>[vc_row][vc_column][\/vc_column][\/vc_row][vc_row css=&#8221;.vc_custom_1618501710621{margin-top: 100px !important;margin-bottom: 50px !important;}&#8221;][vc_column width=&#8221;1\/2&#8243; css=&#8221;.vc_custom_1618501277208{padding-top: 0px !important;}&#8221;][vc_custom_heading text=&#8221;Mise en place de processus de n\u00e9gociation&#8221; use_theme_fonts=&#8221;yes&#8221;][vc_column_text]La n\u00e9gociation est un art sous utilis\u00e9 car il concerne des ressources pr\u00e9cieuses comme le temps, l\u2019argent, les \u00e9quipes. Toute n\u00e9gociation un peu complexe n\u00e9cessite une pr\u00e9paration et un processus. Ce processus, lorsqu\u2019il est bien impl\u00e9ment\u00e9, donne souvent [&hellip;]<\/p>\n","protected":false},"author":1,"featured_media":0,"parent":0,"menu_order":0,"comment_status":"closed","ping_status":"closed","template":"one-page-template.php","meta":[],"_links":{"self":[{"href":"https:\/\/www.senselia.be\/index.php\/wp-json\/wp\/v2\/pages\/875"}],"collection":[{"href":"https:\/\/www.senselia.be\/index.php\/wp-json\/wp\/v2\/pages"}],"about":[{"href":"https:\/\/www.senselia.be\/index.php\/wp-json\/wp\/v2\/types\/page"}],"author":[{"embeddable":true,"href":"https:\/\/www.senselia.be\/index.php\/wp-json\/wp\/v2\/users\/1"}],"replies":[{"embeddable":true,"href":"https:\/\/www.senselia.be\/index.php\/wp-json\/wp\/v2\/comments?post=875"}],"version-history":[{"count":3,"href":"https:\/\/www.senselia.be\/index.php\/wp-json\/wp\/v2\/pages\/875\/revisions"}],"predecessor-version":[{"id":1037,"href":"https:\/\/www.senselia.be\/index.php\/wp-json\/wp\/v2\/pages\/875\/revisions\/1037"}],"wp:attachment":[{"href":"https:\/\/www.senselia.be\/index.php\/wp-json\/wp\/v2\/media?parent=875"}],"curies":[{"name":"wp","href":"https:\/\/api.w.org\/{rel}","templated":true}]}}