{"id":891,"date":"2021-04-16T09:09:59","date_gmt":"2021-04-16T07:09:59","guid":{"rendered":"http:\/\/xywsuuq.cluster026.hosting.ovh.net\/?page_id=891"},"modified":"2021-04-26T18:13:09","modified_gmt":"2021-04-26T16:13:09","slug":"mediation-agreee-cbfm-toutes-matieres","status":"publish","type":"page","link":"https:\/\/www.senselia.be\/index.php\/mediation-agreee-cbfm-toutes-matieres\/","title":{"rendered":"M\u00e9diation agr\u00e9\u00e9e CBFM toutes mati\u00e8res"},"content":{"rendered":"<p>[vc_row][vc_column][\/vc_column][\/vc_row][vc_row css=&#8221;.vc_custom_1618558047748{margin-top: 35px !important;}&#8221;][vc_column][vc_separator color=&#8221;custom&#8221; accent_color=&#8221;#fa5149&#8243;][vc_custom_heading text=&#8221;M\u00e9dier vos diff\u00e9rends et conflits civils, commerciaux, familiaux, sociaux, professionnels dans le cadre d\u2019une m\u00e9diation agr\u00e9\u00e9e&#8221; font_container=&#8221;tag:h2|text_align:left|color:%23fa5149&#8243; use_theme_fonts=&#8221;yes&#8221;][vc_separator color=&#8221;custom&#8221; accent_color=&#8221;#fa5149&#8243;][\/vc_column][\/vc_row][vc_row css=&#8221;.vc_custom_1618501710621{margin-top: 100px !important;margin-bottom: 50px !important;}&#8221;][vc_column width=&#8221;1\/2&#8243; css=&#8221;.vc_custom_1618501277208{padding-top: 0px !important;}&#8221;][vc_custom_heading text=&#8221;M\u00e9diation agr\u00e9\u00e9e CBFM<br \/>\ntoutes mati\u00e8res&#8221; use_theme_fonts=&#8221;yes&#8221;][vc_column_text]La m\u00e9diation est une des m\u00e9thodes alternatives de r\u00e9solution des conflits les plus apaisantes, innovantes, cr\u00e9atives, pragmatiques et \u00e9conomiques qui existe. Elle se d\u00e9roule avec le concours d\u2019un tiers neutre, ind\u00e9pendant qu\u2019est le m\u00e9diateur, d\u00fbment form\u00e9 et agr\u00e9\u00e9.<\/p>\n<p>Une m\u00e9diation agr\u00e9\u00e9e est un processus qui se d\u00e9roule g\u00e9n\u00e9ralement en quelques s\u00e9ances, elle permet aux parties en conflit de r\u00e9soudre un diff\u00e9rend en coconstruisant elles-m\u00eames leurs solutions.<\/p>\n<p>La m\u00e9diation familiale et sociale aborde avec efficacit\u00e9\u00a0:<\/p>\n<p>&#8211; Les s\u00e9parations et les divorces ;<br \/>\n&#8211; Les probl\u00e8mes de gardes d\u2019enfant (entre parents ou entre g\u00e9n\u00e9rations) ;<br \/>\n&#8211; Les conflits d\u2019argent, de biens, les conflits qui doivent aboutir \u00e0 des transactions pour enterrer d\u00e9finitivement la hache de guerre ;<br \/>\n&#8211; Les conflits de voisinages ;<br \/>\n&#8211; Les conflits dans la sph\u00e8re professionnelle, associative, entrepreneuriale ;<br \/>\n&#8211; Parfois et souvent plusieurs de ces items m\u00eal\u00e9s ;<br \/>\n&#8211; Et bien d\u2019autres conflits singuliers impossibles \u00e0 caract\u00e9riser.[\/vc_column_text][\/vc_column][vc_column width=&#8221;1\/2&#8243;][vc_single_image image=&#8221;894&#8243; img_size=&#8221;500&#215;500&#8243; alignment=&#8221;right&#8221;][\/vc_column][\/vc_row][vc_row css=&#8221;.vc_custom_1618501723181{margin-bottom: 50px !important;}&#8221;][vc_column width=&#8221;1\/2&#8243;][vc_single_image image=&#8221;809&#8243; img_size=&#8221;full&#8221; alignment=&#8221;right&#8221;][\/vc_column][vc_column width=&#8221;1\/2&#8243; css=&#8221;.vc_custom_1618501277208{padding-top: 0px !important;}&#8221;][vc_column_text]C\u2019est aupr\u00e8s de l\u2019Universit\u00e9 de Li\u00e8ge que ce parcours de qualification a \u00e9t\u00e9 accompli. Rapha\u00ebl Dugailliez est agr\u00e9\u00e9 par la Commission f\u00e9d\u00e9rale de m\u00e9diation et est agr\u00e9\u00e9 pour toutes les mati\u00e8res (familiale, professionnelle et sociale, civile). Plus qu\u2019une simple formation, \u00eatre m\u00e9diateur est un parcours de vie qui se construit durant de multiples ann\u00e9es et au cours de multiples exp\u00e9riences professionnelles.<\/p>\n<p>La m\u00e9diation agr\u00e9\u00e9e est une pratique ancr\u00e9e dans le Code Judiciaire Belge, chaque accord qui en d\u00e9coule est act\u00e9 dans un protocole d\u2019accord qui peut \u00eatre homologu\u00e9 gratuitement par un magistrat afin que le protocole soit un levier solide pour faire respecter les engagements par chaque partie. Cette pratique se d\u00e9roule dans un cadre confidentiel.<\/p>\n<p>Rapha\u00ebl Dugailliez met \u00e0 disposition une tr\u00e8s belle salle de m\u00e9diation \u00e0 Theux, \u00e0 Verviers (au Hub cr\u00e9atif) et dispose d\u2019un r\u00e9seau de salle (Li\u00e8ge, Bruxelles, Namur, etc) pour d\u2019autres m\u00e9diations en Belgique francophone.[\/vc_column_text][\/vc_column][\/vc_row][vc_row full_width=&#8221;stretch_row&#8221; css=&#8221;.vc_custom_1618557468066{padding-top: 50px !important;padding-bottom: 50px !important;background-color: #f0cac9 !important;}&#8221;][vc_column width=&#8221;1\/3&#8243;][vc_separator color=&#8221;white&#8221;][vc_custom_heading text=&#8221;Apaisante :&#8221; use_theme_fonts=&#8221;yes&#8221;][vc_separator color=&#8221;white&#8221;][vc_column_text]La m\u00e9diation, \u00e0 travers son cadre et l\u2019humanit\u00e9 du m\u00e9diateur, permet une \u00e9coute profonde, tout \u00e0 la fois rationnelle, \u00e9motionnelle, fonctionnelle, aussi bien de l\u2019historique, que des besoins et des perspectives de chaque partie. Elle vise \u00e0 r\u00e9duire la bataille d\u2019\u00e9gos qui se passe dans les plaidoiries.[\/vc_column_text][\/vc_column][vc_column width=&#8221;1\/3&#8243;][vc_separator color=&#8221;white&#8221;][vc_custom_heading text=&#8221;Innovante :&#8221; use_theme_fonts=&#8221;yes&#8221;][vc_separator color=&#8221;white&#8221;][vc_column_text]Le processus de m\u00e9diation est innovant car il bouleverse nos vieux paradigmes int\u00e9rieurs et nos points de rep\u00e8re sur la Justice, il nous positionne en artisans de paix, de dialogue et de respect. R\u00e9solument le processus nous pousse \u00e0 \u00eatre orient\u00e9 solution, respect, construction.[\/vc_column_text][\/vc_column][vc_column width=&#8221;1\/3&#8243;][vc_separator color=&#8221;white&#8221;][vc_custom_heading text=&#8221;Cr\u00e9ative :&#8221; use_theme_fonts=&#8221;yes&#8221;][vc_separator color=&#8221;white&#8221;][vc_column_text]Une m\u00e9diation peut d\u00e9boucher sur des accords cr\u00e9atifs sur le plan juridique, ce que permet rarement un arr\u00eat d\u2019un tribunal. La cr\u00e9ativit\u00e9 juridique n\u2019a comme limite que certaines dispositions d\u2019ordre public. Accord phas\u00e9, clause de rendez-vous, solution patrimoniale innovante, etc.<\/p>\n<p>Rapha\u00ebl Dugailliez dispose d\u2019un r\u00e9seau d\u2019experts pour s\u2019assurer que les accords respectent les lois imp\u00e9ratives (lois fiscales, lois p\u00e9nales, etc).[\/vc_column_text][\/vc_column][\/vc_row][vc_row full_width=&#8221;stretch_row&#8221; css=&#8221;.vc_custom_1618557468066{padding-top: 50px !important;padding-bottom: 50px !important;background-color: #f0cac9 !important;}&#8221;][vc_column width=&#8221;1\/3&#8243;][vc_separator color=&#8221;white&#8221;][vc_custom_heading text=&#8221;Pragmatique :&#8221; use_theme_fonts=&#8221;yes&#8221;][vc_separator color=&#8221;white&#8221;][vc_column_text]Solidement form\u00e9 et exp\u00e9riment\u00e9 dans les relations humaines, le m\u00e9diateur discerne ais\u00e9ment les n\u0153uds de blocage et propose sa cr\u00e9ativit\u00e9 pour acc\u00e9l\u00e9rer la r\u00e9solution, en jouant avec les paradoxes du conflit, des parties et tranche aussi les tentatives de manipulation dans la m\u00e9diation. Le m\u00e9diateur est aussi un garant pour \u00e9viter des abus d\u2019une des parties.[\/vc_column_text][\/vc_column][vc_column width=&#8221;1\/3&#8243;][vc_separator color=&#8221;white&#8221;][vc_custom_heading text=&#8221;Economique :&#8221; use_theme_fonts=&#8221;yes&#8221;][vc_separator color=&#8221;white&#8221;][vc_column_text]Une m\u00e9diation est dans la toute grande majorit\u00e9 des cas bien moins couteuse qu\u2019une proc\u00e9dure au tribunal, car elle est plus rapide (quelques semaines \u00e0 contrario de quelques mois \u00e0 quelques ann\u00e9es pour les Cours et Tribunaux). Les honoraires du m\u00e9diateur (environ 125 \u20ac\/h) sont pris en charge par les parties souvent \u00e0 parts \u00e9gales. La TVA s\u2019applique sur certaines m\u00e9diations et peut \u00e9galement \u00eatre r\u00e9cup\u00e9r\u00e9e si une partie intervient en qualit\u00e9 d\u2019op\u00e9rateur \u00e9conomique.[\/vc_column_text][\/vc_column][vc_column width=&#8221;1\/3&#8243;][\/vc_column][\/vc_row][vc_row css=&#8221;.vc_custom_1618557978450{margin-top: 50px !important;margin-bottom: 50px !important;}&#8221;][vc_column width=&#8221;1\/2&#8243;][vc_single_image image=&#8221;822&#8243; img_size=&#8221;full&#8221; alignment=&#8221;center&#8221; css=&#8221;.vc_custom_1618557760885{margin-top: 35px !important;}&#8221;][\/vc_column][vc_column width=&#8221;1\/2&#8243; css=&#8221;.vc_custom_1618501277208{padding-top: 0px !important;}&#8221;][vc_column_text]Rapha\u00ebl Dugailliez, par la finesse de son \u00e9coute, par son exp\u00e9rience de vie riche, peut vous accompagner dans des belles m\u00e9diations qui vous permettront de passer ces caps que sont les conflits, avec s\u00e9r\u00e9nit\u00e9, pour vous recentrer sur l\u2019essentiel dans vos existences.<\/p>\n<p><a href=\"https:\/\/www.cfm-fbc.be\/fr\">https:\/\/www.cfm-fbc.be\/fr<\/a>[\/vc_column_text][vc_separator color=&#8221;custom&#8221; accent_color=&#8221;#fa4915&#8243;][vc_column_text]<span style=\"color: #fa4951;\"><strong><em>Quelques exemples r\u00e9cents\u00a0:<\/em><\/strong><\/span><\/p>\n<p><span style=\"color: #fa4951;\"><em>Organisation d\u2019une transaction pour clore d\u00e9finitivement un litige dans un Conseil d\u2019administration de soci\u00e9t\u00e9 commerciale et \u00e9viter un pourrissement devant les Cours et Tribunaux.<\/em><\/span><\/p>\n<p><span style=\"color: #fa4951;\"><em>M\u00e9diation familiale pour des couples en phase de s\u00e9paration.<\/em><\/span><\/p>\n<p><span style=\"color: #fa4951;\"><em>M\u00e9diation sociale dans la gestion d\u2019un licenciement et dans un dossier de harc\u00e8lement manag\u00e9rial.<\/em><\/span>[\/vc_column_text][vc_separator color=&#8221;custom&#8221; accent_color=&#8221;#fa4915&#8243;][\/vc_column][\/vc_row][vc_row full_width=&#8221;stretch_row&#8221; css=&#8221;.vc_custom_1619013922111{margin-top: 0px !important;padding-top: 100px !important;padding-bottom: 50px !important;background-image: url(http:\/\/xywsuuq.cluster026.hosting.ovh.net\/wp-content\/uploads\/2021\/04\/fondservices-scaled.jpg?id=786) !important;background-position: center !important;background-repeat: no-repeat !important;background-size: cover !important;}&#8221;][vc_column][vc_custom_heading text=&#8221;Nos services<br \/>\nvitamin\u00e9s&#8221; use_theme_fonts=&#8221;yes&#8221;][vc_column_text]Pour d\u00e9couvrir les diff\u00e9rentes facettes des services de Senselia, c\u2019est par ici\u2026 Chaque service est explicit\u00e9 avec quelques exemples, et il arrive r\u00e9guli\u00e8rement que nos missions associent plusieurs facettes.[\/vc_column_text][vc_row_inner][vc_column_inner width=&#8221;1\/3&#8243;][vc_hoverbox image=&#8221;836&#8243; primary_title=&#8221;&#8221; hover_title=&#8221;&#8221; shape=&#8221;square&#8221; hover_background_color=&#8221;white&#8221; hover_btn_title=&#8221;M\u00e9diation agr\u00e9\u00e9e&#8221; hover_btn_shape=&#8221;square&#8221; hover_btn_size=&#8221;lg&#8221; hover_btn_align=&#8221;center&#8221; hover_add_button=&#8221;true&#8221; hover_btn_link=&#8221;url:https%3A%2F%2Fwww.senselia.be%2Findex.php%2Fmediation-agreee-cbfm-toutes-matieres%2F|title:M%C3%A9diation%20agr%C3%A9%C3%A9e%20CBFM%20toute%20mati%C3%A8res&#8221;]La m\u00e9diation est une des m\u00e9thodes alternatives de r\u00e9solution des conflits les plus apaisantes, innovantes, cr\u00e9atives, pragmatiques et \u00e9conomiques qui existe.<\/p>\n<p>[\/vc_hoverbox][\/vc_column_inner][vc_column_inner width=&#8221;1\/3&#8243;][vc_hoverbox image=&#8221;839&#8243; primary_title=&#8221;&#8221; hover_title=&#8221;&#8221; shape=&#8221;square&#8221; hover_background_color=&#8221;white&#8221; hover_btn_title=&#8221;Intervention psychosociale en organisation&#8221; hover_btn_shape=&#8221;square&#8221; hover_btn_size=&#8221;lg&#8221; hover_btn_align=&#8221;center&#8221; hover_add_button=&#8221;true&#8221; hover_btn_link=&#8221;url:https%3A%2F%2Fwww.senselia.be%2Findex.php%2Fintervention-psychosociale-en-organisation%2F|title:Intervention%20psychosociale%20en%20organisation&#8221;]animation de r\u00e9unions de r\u00e9flexions, formation d\u2019un service, animation de mises au vert, diagnostic de risques psychosociaux, plan d\u2019action qui suit ce diagnostic, r\u00e9solution de conflit, etc.<\/p>\n<p>[\/vc_hoverbox][\/vc_column_inner][vc_column_inner width=&#8221;1\/3&#8243;][vc_hoverbox image=&#8221;843&#8243; primary_title=&#8221;&#8221; hover_title=&#8221;&#8221; shape=&#8221;square&#8221; hover_background_color=&#8221;white&#8221; hover_btn_title=&#8221;Prospective et plan strat\u00e9gique d&#8217;organisation&#8221; hover_btn_shape=&#8221;square&#8221; hover_btn_size=&#8221;lg&#8221; hover_btn_align=&#8221;center&#8221; hover_add_button=&#8221;true&#8221; hover_btn_link=&#8221;url:https%3A%2F%2Fwww.senselia.be%2Findex.php%2Fprospective-et-plan-strategique-dorganisation%2F|title:Prospective%20et%20plan%20strat%C3%A9gique%20d%E2%80%99organisation&#8221;]L\u2019art de la prospective est un processus m\u00e9thodologique participatif qui permet pour une th\u00e9matique ou une organisation, de se projeter dans le futur, pour mieux se cr\u00e9er un \u00ab futur d\u00e9sirable \u00bb.<\/p>\n<p>[\/vc_hoverbox][\/vc_column_inner][\/vc_row_inner][vc_row_inner css=&#8221;.vc_custom_1618500467288{margin-top: 35px !important;}&#8221;][vc_column_inner width=&#8221;1\/3&#8243;][vc_hoverbox image=&#8221;837&#8243; primary_title=&#8221;&#8221; hover_title=&#8221;&#8221; shape=&#8221;square&#8221; hover_background_color=&#8221;white&#8221; hover_btn_title=&#8221;Mise en place de processus de n\u00e9gociation.&#8221; hover_btn_shape=&#8221;square&#8221; hover_btn_size=&#8221;lg&#8221; hover_btn_align=&#8221;center&#8221; hover_add_button=&#8221;true&#8221; hover_btn_link=&#8221;url:https%3A%2F%2Fwww.senselia.be%2Findex.php%2Fmise-en-place-de-processus-de-negociation%2F|title:Mise%20en%20place%20de%20processus%20de%20n%C3%A9gociation&#8221;]La n\u00e9gociation est un art sous utilis\u00e9 car il concerne des ressources pr\u00e9cieuses comme le temps, l\u2019argent, les \u00e9quipes.<\/p>\n<p>[\/vc_hoverbox][\/vc_column_inner][vc_column_inner width=&#8221;1\/3&#8243;][vc_hoverbox image=&#8221;840&#8243; primary_title=&#8221;&#8221; hover_title=&#8221;&#8221; shape=&#8221;square&#8221; hover_background_color=&#8221;white&#8221; hover_btn_title=&#8221;Administrateur ind\u00e9pendant&#8221; hover_btn_shape=&#8221;square&#8221; hover_btn_size=&#8221;lg&#8221; hover_btn_align=&#8221;center&#8221; hover_add_button=&#8221;true&#8221; hover_btn_link=&#8221;url:https%3A%2F%2Fwww.senselia.be%2Findex.php%2Fadministrateur-independant%2F|title:Administrateur%20ind%C3%A9pendant&#8221;]Un administrateur ind\u00e9pendant est un administrateur nomm\u00e9 dans un Conseil d\u2019administration et qui apporte son expertise, son exp\u00e9rience au service d\u2019une organisation.<\/p>\n<p>[\/vc_hoverbox][\/vc_column_inner][vc_column_inner width=&#8221;1\/3&#8243;][vc_hoverbox image=&#8221;841&#8243; primary_title=&#8221;&#8221; hover_title=&#8221;&#8221; shape=&#8221;square&#8221; hover_background_color=&#8221;white&#8221; hover_btn_title=&#8221;Coaching de cadre&#8221; hover_btn_shape=&#8221;square&#8221; hover_btn_size=&#8221;lg&#8221; hover_btn_align=&#8221;center&#8221; hover_add_button=&#8221;true&#8221; hover_btn_link=&#8221;url:https%3A%2F%2Fwww.senselia.be%2Findex.php%2Fcoaching-de-cadre%2F|title:Coaching%20de%20cadre&#8221;]<span lang=\"FR\">Senselia intervient \u00ab sur mesure \u00bb pour accompagner des cadres dans des organisations.<\/span>[\/vc_hoverbox][\/vc_column_inner][\/vc_row_inner][vc_row_inner css=&#8221;.vc_custom_1618500532725{margin-top: 30px !important;}&#8221;][vc_column_inner width=&#8221;1\/3&#8243;][\/vc_column_inner][vc_column_inner width=&#8221;1\/3&#8243;][vc_hoverbox image=&#8221;842&#8243; primary_title=&#8221;&#8221; hover_title=&#8221;&#8221; shape=&#8221;square&#8221; hover_background_color=&#8221;white&#8221; hover_btn_title=&#8221;Consultance&#8221; hover_btn_shape=&#8221;square&#8221; hover_btn_size=&#8221;lg&#8221; hover_btn_align=&#8221;center&#8221; hover_add_button=&#8221;true&#8221; hover_btn_link=&#8221;url:https%3A%2F%2Fwww.senselia.be%2Findex.php%2Fconsultance%2F|title:Consultance&#8221;]La consultance, c\u2019est avoir recours \u00e0 un tiers du point de vue m\u00e9thodologique et expertal pour \u00e9clairer un probl\u00e8me et co-cr\u00e9er avec vous une batterie de solutions, tr\u00e8s souvent avec un regard nouveau, d\u00e9cal\u00e9.<\/p>\n<p>[\/vc_hoverbox][\/vc_column_inner][vc_column_inner width=&#8221;1\/3&#8243;][\/vc_column_inner][\/vc_row_inner][\/vc_column][\/vc_row]<\/p>\n","protected":false},"excerpt":{"rendered":"<p>[vc_row][vc_column][\/vc_column][\/vc_row][vc_row css=&#8221;.vc_custom_1618558047748{margin-top: 35px !important;}&#8221;][vc_column][vc_separator color=&#8221;custom&#8221; accent_color=&#8221;#fa5149&#8243;][vc_custom_heading text=&#8221;M\u00e9dier vos diff\u00e9rends et conflits civils, commerciaux, familiaux, sociaux, professionnels dans le cadre d\u2019une m\u00e9diation agr\u00e9\u00e9e&#8221; font_container=&#8221;tag:h2|text_align:left|color:%23fa5149&#8243; use_theme_fonts=&#8221;yes&#8221;][vc_separator color=&#8221;custom&#8221; accent_color=&#8221;#fa5149&#8243;][\/vc_column][\/vc_row][vc_row css=&#8221;.vc_custom_1618501710621{margin-top: 100px !important;margin-bottom: 50px !important;}&#8221;][vc_column width=&#8221;1\/2&#8243; css=&#8221;.vc_custom_1618501277208{padding-top: 0px !important;}&#8221;][vc_custom_heading text=&#8221;M\u00e9diation agr\u00e9\u00e9e CBFM toutes mati\u00e8res&#8221; use_theme_fonts=&#8221;yes&#8221;][vc_column_text]La m\u00e9diation est une des m\u00e9thodes alternatives de r\u00e9solution des conflits les plus apaisantes, innovantes, [&hellip;]<\/p>\n","protected":false},"author":1,"featured_media":0,"parent":0,"menu_order":0,"comment_status":"closed","ping_status":"closed","template":"one-page-template.php","meta":[],"_links":{"self":[{"href":"https:\/\/www.senselia.be\/index.php\/wp-json\/wp\/v2\/pages\/891"}],"collection":[{"href":"https:\/\/www.senselia.be\/index.php\/wp-json\/wp\/v2\/pages"}],"about":[{"href":"https:\/\/www.senselia.be\/index.php\/wp-json\/wp\/v2\/types\/page"}],"author":[{"embeddable":true,"href":"https:\/\/www.senselia.be\/index.php\/wp-json\/wp\/v2\/users\/1"}],"replies":[{"embeddable":true,"href":"https:\/\/www.senselia.be\/index.php\/wp-json\/wp\/v2\/comments?post=891"}],"version-history":[{"count":2,"href":"https:\/\/www.senselia.be\/index.php\/wp-json\/wp\/v2\/pages\/891\/revisions"}],"predecessor-version":[{"id":1036,"href":"https:\/\/www.senselia.be\/index.php\/wp-json\/wp\/v2\/pages\/891\/revisions\/1036"}],"wp:attachment":[{"href":"https:\/\/www.senselia.be\/index.php\/wp-json\/wp\/v2\/media?parent=891"}],"curies":[{"name":"wp","href":"https:\/\/api.w.org\/{rel}","templated":true}]}}